{"id":725,"date":"2014-04-09T15:28:06","date_gmt":"2014-04-09T15:28:06","guid":{"rendered":"http:\/\/www.centromedicis.com\/contacta-con-medicis-2\/"},"modified":"2015-08-16T21:50:41","modified_gmt":"2015-08-16T20:50:41","slug":"contact-with-medicis","status":"publish","type":"page","link":"https:\/\/centromedicis.com\/en\/contact-with-medicis\/","title":{"rendered":"Contact with M\u00e9dicis"},"content":{"rendered":"<p>You can contact us through these ways:<\/p>\n<p>PHONE \u00a0\u00a0 +34 948 15 21 21<br \/>\nFAX \u00a0 \u00a0 \u00a0+34 948 15 22 02<br \/>\nMAIL \u00a0 <a title=\"Escr\u00edbenos\" href=\"mailto:info@centromedicis.com\">info@centromedicis.com<\/a><\/p>\n<p>Hours of Operation: 8.00h a 20.00h<\/p>\n<h3>\u00bfWhere we are?<\/h3>\n<p>C\/ Castillo de Maya, 41 bajo<br \/>\n31003 Pamplona (Navarra)<br \/>\nSPAIN<\/p>\n<p><iframe loading=\"lazy\" id=\"mapa\" src=\"https:\/\/maps.google.es\/maps\/ms?msa=0&amp;msid=202851825453729990777.0004f7146d10ae095f12a&amp;ie=UTF8&amp;t=m&amp;ll=42.810577,-1.637135&amp;spn=0.023927,0.047121&amp;z=14&amp;output=embed\" width=\"550\" height=\"380\" frameborder=\"0\" marginwidth=\"0\" marginheight=\"0\" scrolling=\"no\"><\/iframe><\/p>\n<p>&nbsp;<\/p>\n<h3>Ask for your appointment online<\/h3>\n<p>Fill in the formulary and we will contact you in the less time possible.<\/p>\n\n<div class=\"wpcf7 no-js\" id=\"wpcf7-f713-o1\" lang=\"es-ES\" dir=\"ltr\" data-wpcf7-id=\"713\">\n<div class=\"screen-reader-response\"><p role=\"status\" aria-live=\"polite\" aria-atomic=\"true\"><\/p> <ul><\/ul><\/div>\n<form action=\"\/en\/wp-json\/wp\/v2\/pages\/725#wpcf7-f713-o1\" method=\"post\" class=\"wpcf7-form init\" aria-label=\"Contact form\" novalidate=\"novalidate\" data-status=\"init\">\n<fieldset class=\"hidden-fields-container\"><input type=\"hidden\" name=\"_wpcf7\" value=\"713\" \/><input type=\"hidden\" name=\"_wpcf7_version\" value=\"6.1.5\" \/><input type=\"hidden\" name=\"_wpcf7_locale\" value=\"es_ES\" \/><input type=\"hidden\" name=\"_wpcf7_unit_tag\" value=\"wpcf7-f713-o1\" \/><input type=\"hidden\" name=\"_wpcf7_container_post\" value=\"0\" \/><input type=\"hidden\" name=\"_wpcf7_posted_data_hash\" value=\"\" \/>\n<\/fieldset>\n<p><span class=\"wpcf7-form-control-wrap\" data-name=\"your-name\"><input size=\"40\" maxlength=\"400\" class=\"wpcf7-form-control wpcf7-text wpcf7-validates-as-required\" aria-required=\"true\" aria-invalid=\"false\" placeholder=\"Name\" value=\"\" type=\"text\" name=\"your-name\" \/><\/span>\n<\/p>\n<p><span class=\"wpcf7-form-control-wrap\" data-name=\"your-suremane\"><input size=\"40\" maxlength=\"400\" class=\"wpcf7-form-control wpcf7-text wpcf7-validates-as-required\" aria-required=\"true\" aria-invalid=\"false\" placeholder=\"Surname\" value=\"\" type=\"text\" name=\"your-suremane\" \/><\/span>\n<\/p>\n<p><span class=\"wpcf7-form-control-wrap\" data-name=\"your-email\"><input size=\"40\" maxlength=\"400\" class=\"wpcf7-form-control wpcf7-email wpcf7-validates-as-required wpcf7-text wpcf7-validates-as-email\" aria-required=\"true\" aria-invalid=\"false\" placeholder=\"Email\" value=\"\" type=\"email\" name=\"your-email\" \/><\/span>\n<\/p>\n<p><span class=\"wpcf7-form-control-wrap\" data-name=\"your-phone\"><input size=\"40\" maxlength=\"400\" class=\"wpcf7-form-control wpcf7-tel wpcf7-validates-as-required wpcf7-text wpcf7-validates-as-tel\" aria-required=\"true\" aria-invalid=\"false\" placeholder=\"Phone number\" value=\"\" type=\"tel\" name=\"your-phone\" \/><\/span>\n<\/p>\n<p><span class=\"wpcf7-form-control-wrap\" data-name=\"your-message\"><textarea cols=\"40\" rows=\"10\" maxlength=\"2000\" class=\"wpcf7-form-control wpcf7-textarea wpcf7-validates-as-required\" aria-required=\"true\" aria-invalid=\"false\" placeholder=\"Date, time and reasons for wishing to request an appointment\" name=\"your-message\"><\/textarea><\/span>\n<\/p>\n<p><span class=\"wpcf7-form-control-wrap\" data-name=\"checkbox-248\"><span class=\"wpcf7-form-control wpcf7-checkbox wpcf7-validates-as-required\"><span class=\"wpcf7-list-item first last\"><input type=\"checkbox\" name=\"checkbox-248[]\" value=\"I expressly consent\" \/><span class=\"wpcf7-list-item-label\">I expressly consent<\/span><\/span><\/span><\/span><a href=\"https:\/\/www.centromedicis.com\/politica-de-privacidad\/\" target=\"_blank\"> the privacy policy<\/a>\n<\/p>\n<p><span id=\"wpcf7-69fc9588f2616-wrapper\" class=\"wpcf7-form-control-wrap honeypot-228-wrap\" style=\"display:none !important; visibility:hidden !important;\"><label for=\"wpcf7-69fc9588f2616-field\" class=\"hp-message\">Please leave this field empty.<\/label><input id=\"wpcf7-69fc9588f2616-field\"  class=\"wpcf7-form-control wpcf7-text\" type=\"text\" name=\"honeypot-228\" value=\"\" size=\"40\" tabindex=\"-1\" autocomplete=\"new-password\" \/><\/span>\n<\/p>\n<div class=\"btn-oculta\">\n\t<p class=\"info\">Informaci\u00f3n\n\t<\/p>\n\t<div class=\"oculto\">\n\t\t<p><span><br \/>\nResponsable del Tratamiento<br \/>\nCENTRO DE DIAGN\u00d3STICO GRANADA S.A.<br \/>\nFinalidad del tratamiento<br \/>\nGestionar y atender la cita.<br \/>\nLegitimaci\u00f3n<br \/>\nEl consentimiento.<br \/>\nDestinatarios<br \/>\nPersonas, organismos e instituciones que pudieran acreditar un inter\u00e9s leg\u00edtimo u obligaci\u00f3n legal.<br \/>\nDerechos<br \/>\nPodr\u00e1 ejercitar los derechos de acceso, rectificaci\u00f3n o supresi\u00f3n, limitaci\u00f3n del tratamiento, oposici\u00f3n, portabilidad de los datos o a no ser objeto de una decisi\u00f3n basada \u00fanicamente en el tratamiento automatizado a trav\u00e9s del buz\u00f3n info@centrodediagnostico.com.<br \/>\nInformaci\u00f3n adicional<br \/>\nPodr\u00e1 dirigirse al Delegado de Protecci\u00f3n de Datos (DPO) de CEDISA info@centrodediagnostico.com as\u00ed como consultar la informaci\u00f3n adicional y detallada sobre Protecci\u00f3n de Datos en la Pol\u00edtica de Privacidad existente en el siguiente <a href=\"https:\/\/www.centromedicis.com\/politica-de-privacidad\/>link<\/a>.<br \/>\n<\/span>\n\t\t<\/p>\n\t<\/div>\n<\/div>\n<p><input class=\"wpcf7-form-control wpcf7-submit has-spinner\" type=\"submit\" value=\"Request\" \/>\n<\/p>\n<div class=\"form-legal\">\n\t<p>In compliance with Law 15\/1999 of 13 December on Protection of Personal Data we inform you that your personal data collected through this form will be included in a file owned by CENTRO DE DIAGN\u00d3STICO RADIOL\u00d3GICO DE NAVARRA SL, whose purpose management is data collected on the forms of the website, contact management, business communication actions and response to questions and suggestions.\n\t<\/p>\n\t<p>The user gives his full consent to CENTRO DE DIAGN\u00d3STICO RADIOL\u00d3GICO DE NAVARRA SL to proceed to send promotional e-mail, fax or other means of electronic communication that has been provided, and that under the provisions of law 34\/2002 of July 11, Services Information Society and Electronic Commerce and Law 32\/2003 of November 3, General of Telecommunications.\n\t<\/p>\n\t<p>However, please note that you may revoke your consent or exercise their rights of access, rectification, cancellation and opposition in each commercial or advertising statement is to convey, and at any time, by letter containing a copy of your DNI directed to CENTRO DE DIAGN\u00d3STICO RADIOL\u00d3GICO DE NAVARRA SL located at C\/ Castillo de Maya, 41 - bajo, 31003 Pamplona (Navarra) SPAIN, or via email: info@centromedicis.com\n\t<\/p>\n<\/div><div class=\"wpcf7-response-output\" aria-hidden=\"true\"><\/div>\n<\/form>\n<\/div>\n\n","protected":false},"excerpt":{"rendered":"<p>You can contact us through these ways: PHONE \u00a0\u00a0 +34 948 15 21 21 FAX \u00a0 \u00a0 \u00a0+34 948 15 22 02 MAIL \u00a0 info@centromedicis.com Hours of Operation: 8.00h a 20.00h \u00bfWhere we are? C\/ <a href=\"https:\/\/centromedicis.com\/en\/contact-with-medicis\/\" class=\"leer-mas\" title=\"Seguir leyendo\">[+]<\/a><\/p>\n","protected":false},"author":6,"featured_media":0,"parent":0,"menu_order":0,"comment_status":"open","ping_status":"closed","template":"page-contacta.php","meta":{"_acf_changed":false,"footnotes":""},"coauthors":[19],"class_list":["post-725","page","type-page","status-publish","hentry"],"acf":[],"_links":{"self":[{"href":"https:\/\/centromedicis.com\/en\/wp-json\/wp\/v2\/pages\/725","targetHints":{"allow":["GET"]}}],"collection":[{"href":"https:\/\/centromedicis.com\/en\/wp-json\/wp\/v2\/pages"}],"about":[{"href":"https:\/\/centromedicis.com\/en\/wp-json\/wp\/v2\/types\/page"}],"author":[{"embeddable":true,"href":"https:\/\/centromedicis.com\/en\/wp-json\/wp\/v2\/users\/6"}],"replies":[{"embeddable":true,"href":"https:\/\/centromedicis.com\/en\/wp-json\/wp\/v2\/comments?post=725"}],"version-history":[{"count":3,"href":"https:\/\/centromedicis.com\/en\/wp-json\/wp\/v2\/pages\/725\/revisions"}],"predecessor-version":[{"id":739,"href":"https:\/\/centromedicis.com\/en\/wp-json\/wp\/v2\/pages\/725\/revisions\/739"}],"wp:attachment":[{"href":"https:\/\/centromedicis.com\/en\/wp-json\/wp\/v2\/media?parent=725"}],"wp:term":[{"taxonomy":"author","embeddable":true,"href":"https:\/\/centromedicis.com\/en\/wp-json\/wp\/v2\/coauthors?post=725"}],"curies":[{"name":"wp","href":"https:\/\/api.w.org\/{rel}","templated":true}]}}