{"id":749,"date":"2014-04-09T15:20:25","date_gmt":"2014-04-09T15:20:25","guid":{"rendered":"http:\/\/www.centromedicis.com\/services-for-professionals\/por-que-elegir-medicis\/"},"modified":"2015-08-16T22:10:10","modified_gmt":"2015-08-16T21:10:10","slug":"why-to-choose-medicis","status":"publish","type":"page","link":"https:\/\/centromedicis.com\/en\/services-for-professionals\/why-to-choose-medicis\/","title":{"rendered":"Why to choose M\u00e9dicis?"},"content":{"rendered":"<p>Nos comprometemos a ofrecer a su empresa y a sus pacientes un servicio de radiodiagn\u00f3stico <strong>\u00e1gil<\/strong>, <strong>eficaz<\/strong> y con <strong>resultados fiables<\/strong>.<\/p>\n<p>We compromise ourselves to offer your company and your patients an <strong>agile<\/strong>, <strong>efficient<\/strong> and with <strong>reliable results radio-diagnosis services<\/strong>.<\/p>\n<h3>Agility<\/h3>\n<p>We date your patients in 24 hours, without delays, without waiting lists<\/p>\n<h3>Efficiency<\/h3>\n<ul>\n<li><strong>Reports in 1 hour, 24h or 48h.<\/strong> Thanks to the Tele-medicine system we work with, we hand you the report in a time of 24 or 48 hours and in case of urgency reports, in just one hour.<\/li>\n<li><strong>Possibility of integrating the report in the clinic history of the patient.<\/strong> The agreement we have with the Navarre Health Service allows offering this service that speeds up and improves the efficiency of the process.<\/li>\n<\/ul>\n<h3>Reliable results<\/h3>\n<p><strong>Precise diagnoses and first level professionals.<\/strong> M\u00e9dicis owns to a specialized in radiology doctors network, which is headed by Dr. Javier Mota. <strong>We work with first level professionals<\/strong> specialized in national field, whatever is their location, guaranteeing<strong> very precise diagnosis<\/strong>.<\/p>\n<p><strong>Double image lecture system, based on the American protocols<\/strong>, which control and guarantee the reliability of the transmitted reports and images and the technical quality by independent thirds, who <strong>lower the diagnosis error<\/strong>.<\/p>\n","protected":false},"excerpt":{"rendered":"<p>Nos comprometemos a ofrecer a su empresa y a sus pacientes un servicio de radiodiagn\u00f3stico \u00e1gil, eficaz y con resultados fiables. We compromise ourselves to offer your company and your patients an agile, efficient and <a href=\"https:\/\/centromedicis.com\/en\/services-for-professionals\/why-to-choose-medicis\/\" class=\"leer-mas\" title=\"Seguir leyendo\">[+]<\/a><\/p>\n","protected":false},"author":6,"featured_media":0,"parent":731,"menu_order":0,"comment_status":"open","ping_status":"closed","template":"","meta":{"_acf_changed":false,"footnotes":""},"coauthors":[19],"class_list":["post-749","page","type-page","status-publish","hentry"],"acf":[],"_links":{"self":[{"href":"https:\/\/centromedicis.com\/en\/wp-json\/wp\/v2\/pages\/749","targetHints":{"allow":["GET"]}}],"collection":[{"href":"https:\/\/centromedicis.com\/en\/wp-json\/wp\/v2\/pages"}],"about":[{"href":"https:\/\/centromedicis.com\/en\/wp-json\/wp\/v2\/types\/page"}],"author":[{"embeddable":true,"href":"https:\/\/centromedicis.com\/en\/wp-json\/wp\/v2\/users\/6"}],"replies":[{"embeddable":true,"href":"https:\/\/centromedicis.com\/en\/wp-json\/wp\/v2\/comments?post=749"}],"version-history":[{"count":2,"href":"https:\/\/centromedicis.com\/en\/wp-json\/wp\/v2\/pages\/749\/revisions"}],"predecessor-version":[{"id":751,"href":"https:\/\/centromedicis.com\/en\/wp-json\/wp\/v2\/pages\/749\/revisions\/751"}],"up":[{"embeddable":true,"href":"https:\/\/centromedicis.com\/en\/wp-json\/wp\/v2\/pages\/731"}],"wp:attachment":[{"href":"https:\/\/centromedicis.com\/en\/wp-json\/wp\/v2\/media?parent=749"}],"wp:term":[{"taxonomy":"author","embeddable":true,"href":"https:\/\/centromedicis.com\/en\/wp-json\/wp\/v2\/coauthors?post=749"}],"curies":[{"name":"wp","href":"https:\/\/api.w.org\/{rel}","templated":true}]}}