{"id":980,"date":"2017-04-10T12:05:46","date_gmt":"2017-04-10T11:05:46","guid":{"rendered":"http:\/\/www.centromedicis.com\/services-to-particulars\/medical-services\/segunda-opinion\/"},"modified":"2017-04-10T12:38:38","modified_gmt":"2017-04-10T11:38:38","slug":"segunda-opinion","status":"publish","type":"page","link":"https:\/\/centromedicis.com\/en\/services-to-particulars\/medical-services\/segunda-opinion\/","title":{"rendered":"Second opinion"},"content":{"rendered":"<p>M\u00e9dicis cuenta con un equipo de especialistas en Radiolog\u00eda para que los pacientes puedan solicitar una segunda opini\u00f3n de su caso y confirmar as\u00ed su diagn\u00f3stico.<\/p>\n","protected":false},"excerpt":{"rendered":"<p>M\u00e9dicis cuenta con un equipo de especialistas en Radiolog\u00eda para que los pacientes puedan solicitar una segunda opini\u00f3n de su caso y confirmar as\u00ed su diagn\u00f3stico.<\/p>\n","protected":false},"author":9,"featured_media":0,"parent":683,"menu_order":0,"comment_status":"closed","ping_status":"closed","template":"","meta":{"_acf_changed":false,"footnotes":""},"coauthors":[22],"class_list":["post-980","page","type-page","status-publish","hentry"],"acf":[],"_links":{"self":[{"href":"https:\/\/centromedicis.com\/en\/wp-json\/wp\/v2\/pages\/980","targetHints":{"allow":["GET"]}}],"collection":[{"href":"https:\/\/centromedicis.com\/en\/wp-json\/wp\/v2\/pages"}],"about":[{"href":"https:\/\/centromedicis.com\/en\/wp-json\/wp\/v2\/types\/page"}],"author":[{"embeddable":true,"href":"https:\/\/centromedicis.com\/en\/wp-json\/wp\/v2\/users\/9"}],"replies":[{"embeddable":true,"href":"https:\/\/centromedicis.com\/en\/wp-json\/wp\/v2\/comments?post=980"}],"version-history":[{"count":3,"href":"https:\/\/centromedicis.com\/en\/wp-json\/wp\/v2\/pages\/980\/revisions"}],"predecessor-version":[{"id":983,"href":"https:\/\/centromedicis.com\/en\/wp-json\/wp\/v2\/pages\/980\/revisions\/983"}],"up":[{"embeddable":true,"href":"https:\/\/centromedicis.com\/en\/wp-json\/wp\/v2\/pages\/683"}],"wp:attachment":[{"href":"https:\/\/centromedicis.com\/en\/wp-json\/wp\/v2\/media?parent=980"}],"wp:term":[{"taxonomy":"author","embeddable":true,"href":"https:\/\/centromedicis.com\/en\/wp-json\/wp\/v2\/coauthors?post=980"}],"curies":[{"name":"wp","href":"https:\/\/api.w.org\/{rel}","templated":true}]}}